{"id":559,"date":"2024-06-06T11:58:46","date_gmt":"2024-06-06T11:58:46","guid":{"rendered":"https:\/\/miguelfranco.net\/about\/"},"modified":"2024-07-13T22:08:32","modified_gmt":"2024-07-13T22:08:32","slug":"biografia","status":"publish","type":"page","link":"https:\/\/miguelfranco.net\/en\/biografia\/","title":{"rendered":"Biography"},"content":{"rendered":"<div class=\"wp-block-uagb-container uagb-block-2d223cc8 alignfull uagb-is-root-container\"><div class=\"uagb-container-inner-blocks-wrap\">\n<div class=\"wp-block-uagb-container uagb-block-307bfedd\"><\/div>\n\n\n\n<div class=\"wp-block-uagb-container uagb-block-cd163a11\">\n<div class=\"wp-block-uagb-advanced-heading uagb-block-63d3caa9\"><h1 class=\"uagb-heading-text\">Biography<\/h1><p class=\"uagb-desc-text\">Miguel Franco, composer<\/p><\/div>\n\n\n\n<p class=\"font-light has-ast-global-color-5-color has-text-color has-link-color wp-elements-1273bf347d5c741ab5e85f3f65a3a1d0\">Miguel Franco was born in Murcia in 1962 and since he began his musical studies in the early 80s, his training as a double bass player and his career as a composer have run in parallel.<\/p>\n\n\n\n<p class=\"font-light bio has-ast-global-color-5-color has-text-color has-link-color wp-elements-ffe62a9a3823467a06acae3bcdaf272c\">He began his music career at the conservatory in his hometown with teachers Isabel Torregrosa and Gin\u00e9s Garc\u00eda Abell\u00e1n while he was part of the newly created Youth Orchestra of the Region of Murcia and the National Youth Orchestra of Spain as a double bass player. During the years 85 and 86, he lived in Barcelona where he alternated his work in the Orchestra of the Gran Teatre del Liceo with higher studies at the Municipal Conservatory of Music with the double bass player <strong>Ferr\u00e1n Sala<\/strong> and the composers Antoni Besses and <strong>Joan Guinjoan<\/strong>. Later, he won a scholarship from the British Council, which allowed him to work in the Hall\u00e8 Orchestra of Manchester and enroll in the Royal Northern College of Music to complete his double bass studies with <strong>Duncan McTier<\/strong> and attend various composition seminars with figures like <strong>Alexander Goher<\/strong> and Michael Tippett. After his graduation in 1988, he returned to Spain where he currently combines his work as a composer, deserving of the composition awards \u201cJoventuts Musicals de Barcelona (1985)\u201d and \u201cCiutat de Ll\u00edria (1998)\u201d, with that of a solo double bass player of the RTVE Symphony Orchestra.<\/p>\n<\/div>\n<\/div><\/div>\n\n\n\n<div class=\"wp-block-uagb-container uagb-block-f4847711 alignfull uagb-is-root-container\"><div class=\"uagb-container-inner-blocks-wrap\">\n<p class=\"font-light bio has-ast-global-color-5-color has-text-color has-link-color wp-elements-882db944cb0b0db01f6fb64ae821adf0\">He has composed both symphonic and chamber music as well as theater (\u201cLa Celada Fuente\u201d, by Mu\u00f1oz Clares and \u201cPedro de Urdemalas\u201d, by Miguel de Cervantes) and cinema (\u201cEl N\u00famero Marcado\u201d, \u201cEl Infierno Prometido\u201d, \u201cAmores que matan,\u201d \u00abMagos como t\u00fa\u00bb and \u201cZapping\u201d, by <strong>Chumilla Carbajosa<\/strong>).<\/p>\n\n\n\n<p class=\"font-light has-ast-global-color-5-color has-text-color has-link-color wp-elements-52cdf6bdd32a113cb450de98761c4f69\">He has also written and published a good number of pieces for educational purposes based on Spanish folklore. His presence as a composer stands out in various music festivals such as the \u2018V and XXIII International Festival of Youth Orchestras\u2019 of Murcia; the \u2018Downing College Music Society\u2019 of Cambridge; \u2018VII Encuentros de Percusi\u00f3n de Xixona\u2019, in Alicante; the \u2018Kamer Muziekcentrum De Suite\u2019 of Amsterdam; the \u2018Mayo Musical\u2019 of Murcia in 1994, the 3rd Festival of Contemporary Music of Barcelona; the \u2018Festival Nova M\u00fasica\u2019 of the Bulgarian Society of Contemporary Music the III National Percussion Convention, held in 1997 at the C\u00edrculo de Bellas Artes in Madrid, The 47th Week of Religious Music of Cuenca and the II Cycle of Contemporary Spanish Music in Europe.<\/p>\n\n\n\n<p class=\"font-light has-ast-global-color-5-color has-text-color has-link-color wp-elements-9a01c55464fdd6dbbf1075ed99d551bc\">His works have been programmed in various musical institutions, such as the Center for the Dissemination of Contemporary Music in Madrid, numerous editions of the Chamber Music Cycle of the RTVE Orchestra and Choir, the Pablo Sarasate Orchestra of Pamplona, the Cordoba Orchestra, the Region Orchestra of Murcia, the Primitiva Band of Ll\u00edria, the Malaga Symphony Orchestra, the Hermitage Chamber Orchestra of St. Petersburg, the Philharmonic Orchestra of Tomsk in Siberia, the Classical Orchestra City of Murcia, The Symphony Orchestra of the Province of Bari in Italy, the SWR Symphony Orchestra of Baden-Baden and Freiburg, the Choir and the RTVE Symphony Orchestra and the Madrid Symphonic Band.<\/p>\n\n\n\n<p class=\"font-light has-ast-global-color-5-color has-text-color has-link-color wp-elements-5559e642bba2f45f89edb72ddb4f0ab8\">Entre los artistas que han interpretado sus obras se encuentran destacadas figuras como los pianistas Joaqu\u00edn Soriano, Istv\u00e1n Sz\u00e9kely, Roderigo Robles de Medina y Mariana Gurkova; los violonchelistas Stanimir Todorov, \u00c1ngel Garc\u00eda Jermann, Amparo Lacruz y Suzana Stefanovic; los violinistas Miguel Borrego, V\u00edctor Arriola, Rub\u00e9n Reina, Miguel P\u00e9rez Espejo, Michael Pearson, Marguerita Marseglia y David Mata; los violas Luis Artigues, Sergio Sola, Eva Mart\u00edn. Octavio de Juan Ayala y Scott Rawls; los contrabajistas Chris West, Manel Ortega y Roberto Terr\u00f3n; los percusionistas Rafael M\u00e1s, I\u00f1aki Mart\u00edn, Enric Llopis y Juanjo Guillem; los obo\u00edstas Salvador Barber\u00e1 y Carlos Alonso; el flautista Vicente Cintero; el clarinetista Miguel Civera; los trompetista Benjam\u00edn Moreno y Germ\u00e1n Asensi; los cantantes Rodrigo Esteves, Celia Alcedo, Milagros Poblador, Sarah Fulgoni, Carmelo Cord\u00f3n, Marina Pardo y Carmen \u00c1vila; y los directores Enrique Garc\u00eda Asensio, Lorenzo Ramos, Mariano Alfonso, Eduardo Marturet, Manuel Hern\u00e1ndez Silva, James Judd, Adrian Leaper, C\u00e9sar \u00c1lvarez, \u00d3liver D\u00edaz, Jos\u00e9 Miguel Rodilla y Alexis Soriano. Gran amante de la literatura, en su obra abundan los textos de grandes escritores como Miguel de Cervantes, Gonzalo de Berceo, Fray Lu\u00eds de Le\u00f3n, Francisco de Quevedo, Sor Juana In\u00e9s de la Cruz, Jorge Manrique, Juan de Tassis, Garcilaso de la Vega, el Duque de Rivas, Samuel Beckett, etc. Tambi\u00e9n cabe resaltar su trabajo en com\u00fan con importantes personalidades de las artes pl\u00e1sticas, como los pintores Jos\u00e9 Mar\u00eda P\u00e1rraga y Jos\u00e9 Lucas, el cineasta Chumilla Carbajosa y los poetas Jos\u00e9 Luis Mata, Gracia Iglesias, Jos\u00e9 Francisco Burgos y Gloria Fuertes.<\/p>\n<\/div><\/div>\n\n\n\n<div class=\"wp-block-uagb-container uagb-block-c322ad85 alignfull uagb-is-root-container\"><div class=\"uagb-container-inner-blocks-wrap\">\n<div class=\"wp-block-uagb-container uagb-block-2a1680f9\">\n<div class=\"wp-block-uagb-info-box uagb-block-38da9230 uagb-infobox__content-wrap  uagb-infobox-icon-above-title uagb-infobox-image-valign-top\"><div class=\"uagb-ifb-content\"><div class=\"uagb-ifb-title-wrap\"><h2 class=\"uagb-ifb-title\">Do you like my work?<\/h2><\/div><p class=\"uagb-ifb-desc\">If you liked my work and want to buy any of my pieces, contact me through the contact form. Likewise, you can contact me for anything else.<\/p><div class=\"uagb-ifb-button-wrapper wp-block-button\"><a href=\"https:\/\/miguelfranco.net\/en\/contacto\/\" class=\"uagb-infobox-cta-link wp-block-button__link\" target=\"_self\" rel=\"noopener noreferrer\" onclick=\"return true;\"><span class=\"uagb-inline-editing\">Go to contact<\/span><\/a><\/div><\/div><\/div>\n<\/div>\n<\/div><\/div>","protected":false},"excerpt":{"rendered":"<p>Biograf\u00eda Miguel Franco, Compositor Miguel Franco nace en Murcia en 1962 y desde que comienza sus estudios musicales a principio de los 80&#8242;, su formaci\u00f3n como contrabajista y su carrera de compositor han transcurrido de forma paralela. Se inicia en la m\u00fasica en el conservatorio de su ciudad natal con los profesores Isabel Torregrosa y [&hellip;]<\/p>\n","protected":false},"author":1,"featured_media":0,"parent":0,"menu_order":0,"comment_status":"closed","ping_status":"closed","template":"","meta":{"_uag_custom_page_level_css":"","site-sidebar-layout":"no-sidebar","site-content-layout":"page-builder","ast-site-content-layout":"normal-width-container","site-content-style":"unboxed","site-sidebar-style":"unboxed","ast-global-header-display":"","ast-banner-title-visibility":"","ast-main-header-display":"","ast-hfb-above-header-display":"","ast-hfb-below-header-display":"","ast-hfb-mobile-header-display":"","site-post-title":"disabled","ast-breadcrumbs-content":"","ast-featured-img":"disabled","footer-sml-layout":"","ast-disable-related-posts":"","theme-transparent-header-meta":"enabled","adv-header-id-meta":"","stick-header-meta":"","header-above-stick-meta":"","header-main-stick-meta":"","header-below-stick-meta":"","astra-migrate-meta-layouts":"set","ast-page-background-enabled":"default","ast-page-background-meta":{"desktop":{"background-color":"","background-image":"","background-repeat":"repeat","background-position":"center center","background-size":"auto","background-attachment":"scroll","background-type":"","background-media":"","overlay-type":"","overlay-color":"","overlay-opacity":"","overlay-gradient":""},"tablet":{"background-color":"","background-image":"","background-repeat":"repeat","background-position":"center center","background-size":"auto","background-attachment":"scroll","background-type":"","background-media":"","overlay-type":"","overlay-color":"","overlay-opacity":"","overlay-gradient":""},"mobile":{"background-color":"","background-image":"","background-repeat":"repeat","background-position":"center center","background-size":"auto","background-attachment":"scroll","background-type":"","background-media":"","overlay-type":"","overlay-color":"","overlay-opacity":"","overlay-gradient":""}},"ast-content-background-meta":{"desktop":{"background-color":"var(--ast-global-color-5)","background-image":"","background-repeat":"repeat","background-position":"center center","background-size":"auto","background-attachment":"scroll","background-type":"","background-media":"","overlay-type":"","overlay-color":"","overlay-opacity":"","overlay-gradient":""},"tablet":{"background-color":"var(--ast-global-color-5)","background-image":"","background-repeat":"repeat","background-position":"center center","background-size":"auto","background-attachment":"scroll","background-type":"","background-media":"","overlay-type":"","overlay-color":"","overlay-opacity":"","overlay-gradient":""},"mobile":{"background-color":"var(--ast-global-color-5)","background-image":"","background-repeat":"repeat","background-position":"center center","background-size":"auto","background-attachment":"scroll","background-type":"","background-media":"","overlay-type":"","overlay-color":"","overlay-opacity":"","overlay-gradient":""}},"footnotes":""},"class_list":["post-559","page","type-page","status-publish","hentry"],"uagb_featured_image_src":{"full":false,"thumbnail":false,"medium":false,"medium_large":false,"large":false,"1536x1536":false,"2048x2048":false,"trp-custom-language-flag":false},"uagb_author_info":{"display_name":"admigfra","author_link":"https:\/\/miguelfranco.net\/en\/author\/admigfra\/"},"uagb_comment_info":0,"uagb_excerpt":"Biograf\u00eda Miguel Franco, Compositor Miguel Franco nace en Murcia en 1962 y desde que comienza sus estudios musicales a principio de los 80&#8242;, su formaci\u00f3n como contrabajista y su carrera de compositor han transcurrido de forma paralela. Se inicia en la m\u00fasica en el conservatorio de su ciudad natal con los profesores Isabel Torregrosa y&hellip;","_links":{"self":[{"href":"https:\/\/miguelfranco.net\/en\/wp-json\/wp\/v2\/pages\/559","targetHints":{"allow":["GET"]}}],"collection":[{"href":"https:\/\/miguelfranco.net\/en\/wp-json\/wp\/v2\/pages"}],"about":[{"href":"https:\/\/miguelfranco.net\/en\/wp-json\/wp\/v2\/types\/page"}],"author":[{"embeddable":true,"href":"https:\/\/miguelfranco.net\/en\/wp-json\/wp\/v2\/users\/1"}],"replies":[{"embeddable":true,"href":"https:\/\/miguelfranco.net\/en\/wp-json\/wp\/v2\/comments?post=559"}],"version-history":[{"count":38,"href":"https:\/\/miguelfranco.net\/en\/wp-json\/wp\/v2\/pages\/559\/revisions"}],"predecessor-version":[{"id":3083,"href":"https:\/\/miguelfranco.net\/en\/wp-json\/wp\/v2\/pages\/559\/revisions\/3083"}],"wp:attachment":[{"href":"https:\/\/miguelfranco.net\/en\/wp-json\/wp\/v2\/media?parent=559"}],"curies":[{"name":"wp","href":"https:\/\/api.w.org\/{rel}","templated":true}]}}